{"id":472,"date":"2016-05-28T11:46:17","date_gmt":"2016-05-28T09:46:17","guid":{"rendered":"http:\/\/pixelrebell.de\/montan\/?page_id=472"},"modified":"2018-01-10T10:07:03","modified_gmt":"2018-01-10T09:07:03","slug":"schichtwechsel","status":"publish","type":"page","link":"https:\/\/fv-montanregion-erzgebirge.de\/montan\/schichtwechsel\/","title":{"rendered":"Schichtwechsel"},"content":{"rendered":"\n<style type=\"text\/css\" data-created_by=\"avia_inline_auto\" id=\"style-css-av-av_section-9559f956715b26c9cf116e846c8e0409\">\n.avia-section.av-av_section-9559f956715b26c9cf116e846c8e0409 .av-parallax .av-parallax-inner{\nbackground-color:#ffaa00;\nbackground-image:url(https:\/\/fv-montanregion-erzgebirge.de\/montan\/wp-content\/uploads\/2016\/04\/a3-bw-1.jpg);\nbackground-repeat:no-repeat;\nbackground-position:50% 50%;\nbackground-attachment:scroll;\n}\n.avia-section.av-av_section-9559f956715b26c9cf116e846c8e0409 .av-section-color-overlay{\nopacity:0.5;\n}\n<\/style>\n<div id='av_section_1'  class='avia-section av-av_section-9559f956715b26c9cf116e846c8e0409 main_color avia-section-default avia-no-shadow  avia-builder-el-0  el_before_av_one_half  avia-builder-el-first  av-parallax-section avia-bg-style-parallax av-section-color-overlay-active av-minimum-height av-minimum-height-25  container_wrap fullsize'  data-section-bg-repeat='no-repeat' data-av_minimum_height_pc='25'><div class='av-parallax' data-avia-parallax-ratio='0.3' ><div class='av-parallax-inner main_color avia-full-stretch'><\/div><\/div><div class=\"av-section-color-overlay-wrap\"><div class=\"av-section-color-overlay\"><\/div><div class='container av-section-cont-open' ><main  role=\"main\" itemprop=\"mainContentOfPage\"  class='template-page content  av-content-full alpha units'><div class='post-entry post-entry-type-page post-entry-472'><div class='entry-content-wrapper clearfix'>\n\n<style type=\"text\/css\" data-created_by=\"avia_inline_auto\" id=\"style-css-av-av_heading-7693a497e2ccb11d07852b6bf182299a\">\n#top .av-special-heading.av-av_heading-7693a497e2ccb11d07852b6bf182299a{\npadding-bottom:10px;\ncolor:#ffffff;\n}\nbody .av-special-heading.av-av_heading-7693a497e2ccb11d07852b6bf182299a .av-special-heading-tag .heading-char{\nfont-size:25px;\n}\n.av-special-heading.av-av_heading-7693a497e2ccb11d07852b6bf182299a .special-heading-inner-border{\nborder-color:#ffffff;\n}\n.av-special-heading.av-av_heading-7693a497e2ccb11d07852b6bf182299a .av-subheading{\nfont-size:15px;\n}\n<\/style>\n<div  class='av-special-heading av-av_heading-7693a497e2ccb11d07852b6bf182299a av-special-heading-h1 custom-color-heading blockquote classic-quote  avia-builder-el-1  avia-builder-el-no-sibling '><h1 class='av-special-heading-tag'  itemprop=\"headline\"  ><mark>Schulprojekte <span class='special_amp'>&amp;<\/span> Projektwochen<\/mark><\/h1><div class='av_custom_color av-subheading av-subheading_below'><p>\u201eUnser Welterbe\u201c \u2013 die montane Kulturlandschaft Erzgebirge\/Kru\u0161noho\u0159i<\/p>\n<\/div><div class=\"special-heading-border\"><div class=\"special-heading-inner-border\"><\/div><\/div><\/div>\n<\/div><\/div><\/main><!-- close content main element --><\/div><\/div><\/div><div id='after_section_1'  class='main_color av_default_container_wrap container_wrap fullsize'  ><div class='container av-section-cont-open' ><div class='template-page content  av-content-full alpha units'><div class='post-entry post-entry-type-page post-entry-472'><div class='entry-content-wrapper clearfix'>\n<style type=\"text\/css\" data-created_by=\"avia_inline_auto\" id=\"style-css-av-av_one_half-9497bbf8bff73ea4c6992cc17fa9ec36\">\n.flex_column.av-av_one_half-9497bbf8bff73ea4c6992cc17fa9ec36{\n-webkit-border-radius:0px 0px 0px 0px;\n-moz-border-radius:0px 0px 0px 0px;\nborder-radius:0px 0px 0px 0px;\npadding:0px 0px 0px 0px;\n}\n<\/style>\n<div class='flex_column av-av_one_half-9497bbf8bff73ea4c6992cc17fa9ec36 av_one_half  avia-builder-el-2  el_after_av_section  el_before_av_one_half  avia-builder-el-first  first flex_column_div av-zero-column-padding '     ><section  class='av_textblock_section av-av_textblock-0366cc7376be6c9e82a3e9cc8987b64f'  itemscope=\"itemscope\" itemtype=\"https:\/\/schema.org\/CreativeWork\" ><div class='avia_textblock'  itemprop=\"text\" ><p>Der F\u00f6rderverein Montanregion Erzgebirge e.V. setzt sich f\u00fcr die Vermittlung des Welterbegedankens und die F\u00f6rderung der Bildung sowie Weiterbildung ein. Wichtiger Bestandteil unserer Bildungsarbeit stellen die Schulprojekte dar. Gerade die vielf\u00e4ltigen Sachzeugen der montanen Kulturlandschaft direkt vor der eigenen Haust\u00fcr verschwinden im Alltag aus dem Blickfeld. Der f\u00e4cher\u00fcbergreifende und \u2013verbindende Unterricht schafft die M\u00f6glichkeit das kulturelle Erbe der Montanregion Erzgebirge den Sch\u00fclern n\u00e4herzubringen.<\/p>\n<\/div><\/section><\/div><\/p>\n\n<style type=\"text\/css\" data-created_by=\"avia_inline_auto\" id=\"style-css-av-av_one_half-9c1d454dc06f7247226bc4e8f931daae\">\n.flex_column.av-av_one_half-9c1d454dc06f7247226bc4e8f931daae{\n-webkit-border-radius:0px 0px 0px 0px;\n-moz-border-radius:0px 0px 0px 0px;\nborder-radius:0px 0px 0px 0px;\npadding:0px 0px 0px 0px;\n}\n<\/style>\n<div class='flex_column av-av_one_half-9c1d454dc06f7247226bc4e8f931daae av_one_half  avia-builder-el-4  el_after_av_one_half  el_before_av_one_third  flex_column_div av-zero-column-padding '     ><section  class='av_textblock_section av-av_textblock-0366cc7376be6c9e82a3e9cc8987b64f'  itemscope=\"itemscope\" itemtype=\"https:\/\/schema.org\/CreativeWork\" ><div class='avia_textblock'  itemprop=\"text\" ><p>Mit Unterst\u00fctzung der Lehrer und den Akteuren vor Ort, wie Bergbauvereinen, Museen und \u00f6ffentlichen Institutionen, wird die regionale Identit\u00e4t bei den Sch\u00fclern gest\u00e4rkt und die montane Kulturlandschaft erlebbar. Die intensive Auseinandersetzung der Sch\u00fcler mit der \u00fcberregional bedeutsamen Bergbaugeschichte wirkt sich positiv auf die Nachwuchsgewinnung der Vereine aus. Vor allem die Weitergabe ihres neugewonnen Wissens an Familie und Freunde tr\u00e4gt zur Erh\u00f6hung des Bekanntheitsgrades der Montanregion Erzgebirge bei.<\/p>\n<\/div><\/section><\/div>\n\n<style type=\"text\/css\" data-created_by=\"avia_inline_auto\" id=\"style-css-av-av_one_third-9497bbf8bff73ea4c6992cc17fa9ec36\">\n.flex_column.av-av_one_third-9497bbf8bff73ea4c6992cc17fa9ec36{\n-webkit-border-radius:0px 0px 0px 0px;\n-moz-border-radius:0px 0px 0px 0px;\nborder-radius:0px 0px 0px 0px;\npadding:0px 0px 0px 0px;\n}\n<\/style>\n<div class='flex_column av-av_one_third-9497bbf8bff73ea4c6992cc17fa9ec36 av_one_third  avia-builder-el-6  el_after_av_one_half  el_before_av_one_third  first flex_column_div av-zero-column-padding column-top-margin'     ><p>\n<style type=\"text\/css\" data-created_by=\"avia_inline_auto\" id=\"style-css-av-av_hr-d7a710ee32c395aa1e5203802b7eec0d\">\n#top .hr.av-av_hr-d7a710ee32c395aa1e5203802b7eec0d{\nmargin-top:25px;\nmargin-bottom:25px;\n}\n.hr.av-av_hr-d7a710ee32c395aa1e5203802b7eec0d .hr-inner{\nwidth:50px;\nborder-color:#afafaf;\nmax-width:45%;\n}\n.hr.av-av_hr-d7a710ee32c395aa1e5203802b7eec0d .av-seperator-icon{\ncolor:#ffaa00;\n}\n<\/style>\n<div  class='hr av-av_hr-d7a710ee32c395aa1e5203802b7eec0d hr-custom  avia-builder-el-7  el_before_av_heading  avia-builder-el-first  hr-center hr-icon-yes'><span class='hr-inner inner-border-av-border-thin'><span class=\"hr-inner-style\"><\/span><\/span><span class='av-seperator-icon' aria-hidden='true' data-av_icon='\ue87b' data-av_iconfont='entypo-fontello'><\/span><span class='hr-inner inner-border-av-border-thin'><span class=\"hr-inner-style\"><\/span><\/span><\/div><br \/>\n\n<style type=\"text\/css\" data-created_by=\"avia_inline_auto\" id=\"style-css-av-av_heading-1f7bdf87b32a6a0170ee808deafb643a\">\n#top .av-special-heading.av-av_heading-1f7bdf87b32a6a0170ee808deafb643a{\npadding-bottom:10px;\n}\nbody .av-special-heading.av-av_heading-1f7bdf87b32a6a0170ee808deafb643a .av-special-heading-tag .heading-char{\nfont-size:25px;\n}\n.av-special-heading.av-av_heading-1f7bdf87b32a6a0170ee808deafb643a .av-subheading{\nfont-size:15px;\n}\n<\/style>\n<div  class='av-special-heading av-av_heading-1f7bdf87b32a6a0170ee808deafb643a av-special-heading-h4 blockquote modern-quote modern-centered  avia-builder-el-8  el_after_av_hr  el_before_av_hr '><h4 class='av-special-heading-tag'  itemprop=\"headline\"  >Oberschule Halsbr\u00fccke<\/h4><div class='av-subheading av-subheading_below'><p>Projektwoche 2016<\/p>\n<\/div><div class=\"special-heading-border\"><div class=\"special-heading-inner-border\"><\/div><\/div><\/div><br \/>\n\n<style type=\"text\/css\" data-created_by=\"avia_inline_auto\" id=\"style-css-av-av_hr-c9ba6ccf0e28539cef079a4b419f7f68\">\n#top .hr.hr-invisible.av-av_hr-c9ba6ccf0e28539cef079a4b419f7f68{\nheight:25px;\n}\n<\/style>\n<div  class='hr av-av_hr-c9ba6ccf0e28539cef079a4b419f7f68 hr-invisible  avia-builder-el-9  el_after_av_heading  el_before_av_image '><span class='hr-inner '><span class=\"hr-inner-style\"><\/span><\/span><\/div><br \/>\n\n<style type=\"text\/css\" data-created_by=\"avia_inline_auto\" id=\"style-css-av-av_image-7c3c2255c504263b5837bfda54ef52b8\">\n.avia-image-container.av-av_image-7c3c2255c504263b5837bfda54ef52b8 img.avia_image{\nbox-shadow:none;\n}\n.avia-image-container.av-av_image-7c3c2255c504263b5837bfda54ef52b8 .av-image-caption-overlay-center{\ncolor:#ffffff;\n}\n<\/style>\n<div  class='avia-image-container av-av_image-7c3c2255c504263b5837bfda54ef52b8 av-styling-circle avia-align-center  avia-builder-el-10  el_after_av_hr  avia-builder-el-last '   itemprop=\"image\" itemscope=\"itemscope\" itemtype=\"https:\/\/schema.org\/ImageObject\" ><div class=\"avia-image-container-inner\"><div class=\"avia-image-overlay-wrap\"><a href=\"https:\/\/fv-montanregion-erzgebirge.de\/montan\/portfolio-item\/projektwoche-halsbruecke\/\" class='avia_image' ><img decoding=\"async\" class='wp-image-540 avia-img-lazy-loading-not-540 avia_image ' src=\"https:\/\/fv-montanregion-erzgebirge.de\/montan\/wp-content\/uploads\/2016\/04\/a3-bw-1-180x180.jpg\" alt='' title='a3 bw'  height=\"180\" width=\"180\"  itemprop=\"thumbnailUrl\" srcset=\"https:\/\/fv-montanregion-erzgebirge.de\/montan\/wp-content\/uploads\/2016\/04\/a3-bw-1-180x180.jpg 180w, https:\/\/fv-montanregion-erzgebirge.de\/montan\/wp-content\/uploads\/2016\/04\/a3-bw-1-80x80.jpg 80w, https:\/\/fv-montanregion-erzgebirge.de\/montan\/wp-content\/uploads\/2016\/04\/a3-bw-1-36x36.jpg 36w, https:\/\/fv-montanregion-erzgebirge.de\/montan\/wp-content\/uploads\/2016\/04\/a3-bw-1-120x120.jpg 120w, https:\/\/fv-montanregion-erzgebirge.de\/montan\/wp-content\/uploads\/2016\/04\/a3-bw-1-450x450.jpg 450w\" sizes=\"(max-width: 180px) 100vw, 180px\" \/><\/a><\/div><\/div><\/div><\/p><\/div>\n\n<style type=\"text\/css\" data-created_by=\"avia_inline_auto\" id=\"style-css-av-av_one_third-9c1d454dc06f7247226bc4e8f931daae\">\n.flex_column.av-av_one_third-9c1d454dc06f7247226bc4e8f931daae{\n-webkit-border-radius:0px 0px 0px 0px;\n-moz-border-radius:0px 0px 0px 0px;\nborder-radius:0px 0px 0px 0px;\npadding:0px 0px 0px 0px;\n}\n<\/style>\n<div class='flex_column av-av_one_third-9c1d454dc06f7247226bc4e8f931daae av_one_third  avia-builder-el-11  el_after_av_one_third  el_before_av_one_third  flex_column_div av-zero-column-padding column-top-margin'     ><p>\n<style type=\"text\/css\" data-created_by=\"avia_inline_auto\" id=\"style-css-av-av_hr-d7a710ee32c395aa1e5203802b7eec0d\">\n#top .hr.av-av_hr-d7a710ee32c395aa1e5203802b7eec0d{\nmargin-top:25px;\nmargin-bottom:25px;\n}\n.hr.av-av_hr-d7a710ee32c395aa1e5203802b7eec0d .hr-inner{\nwidth:50px;\nborder-color:#afafaf;\nmax-width:45%;\n}\n.hr.av-av_hr-d7a710ee32c395aa1e5203802b7eec0d .av-seperator-icon{\ncolor:#ffaa00;\n}\n<\/style>\n<div  class='hr av-av_hr-d7a710ee32c395aa1e5203802b7eec0d hr-custom  avia-builder-el-12  el_before_av_heading  avia-builder-el-first  hr-center hr-icon-yes'><span class='hr-inner inner-border-av-border-thin'><span class=\"hr-inner-style\"><\/span><\/span><span class='av-seperator-icon' aria-hidden='true' data-av_icon='\ue87b' data-av_iconfont='entypo-fontello'><\/span><span class='hr-inner inner-border-av-border-thin'><span class=\"hr-inner-style\"><\/span><\/span><\/div><br \/>\n\n<style type=\"text\/css\" data-created_by=\"avia_inline_auto\" id=\"style-css-av-av_heading-1be66d9f9a6be820485b93c9c93730de\">\n#top .av-special-heading.av-av_heading-1be66d9f9a6be820485b93c9c93730de{\npadding-bottom:10px;\n}\nbody .av-special-heading.av-av_heading-1be66d9f9a6be820485b93c9c93730de .av-special-heading-tag .heading-char{\nfont-size:25px;\n}\n.av-special-heading.av-av_heading-1be66d9f9a6be820485b93c9c93730de .av-subheading{\nfont-size:15px;\n}\n<\/style>\n<div  class='av-special-heading av-av_heading-1be66d9f9a6be820485b93c9c93730de av-special-heading-h4 blockquote modern-quote modern-centered  avia-builder-el-13  el_after_av_hr  el_before_av_hr '><h4 class='av-special-heading-tag'  itemprop=\"headline\"  >Gymnasium Marienberg<\/h4><div class='av-subheading av-subheading_below'><p>Projekttage 2015<\/p>\n<\/div><div class=\"special-heading-border\"><div class=\"special-heading-inner-border\"><\/div><\/div><\/div><br \/>\n\n<style type=\"text\/css\" data-created_by=\"avia_inline_auto\" id=\"style-css-av-av_hr-c9ba6ccf0e28539cef079a4b419f7f68\">\n#top .hr.hr-invisible.av-av_hr-c9ba6ccf0e28539cef079a4b419f7f68{\nheight:25px;\n}\n<\/style>\n<div  class='hr av-av_hr-c9ba6ccf0e28539cef079a4b419f7f68 hr-invisible  avia-builder-el-14  el_after_av_heading  el_before_av_image '><span class='hr-inner '><span class=\"hr-inner-style\"><\/span><\/span><\/div><br \/>\n\n<style type=\"text\/css\" data-created_by=\"avia_inline_auto\" id=\"style-css-av-av_image-c5f69d8aad91bc40b206e3963e42bb05\">\n.avia-image-container.av-av_image-c5f69d8aad91bc40b206e3963e42bb05 img.avia_image{\nbox-shadow:none;\n}\n.avia-image-container.av-av_image-c5f69d8aad91bc40b206e3963e42bb05 .av-image-caption-overlay-center{\ncolor:#ffffff;\n}\n<\/style>\n<div  class='avia-image-container av-av_image-c5f69d8aad91bc40b206e3963e42bb05 av-styling-circle avia-align-center  avia-builder-el-15  el_after_av_hr  avia-builder-el-last '   itemprop=\"image\" itemscope=\"itemscope\" itemtype=\"https:\/\/schema.org\/ImageObject\" ><div class=\"avia-image-container-inner\"><div class=\"avia-image-overlay-wrap\"><a href=\"https:\/\/fv-montanregion-erzgebirge.de\/montan\/portfolio-item\/projektwoche-marienberg\/\" class='avia_image' ><img decoding=\"async\" class='wp-image-539 avia-img-lazy-loading-not-539 avia_image ' src=\"https:\/\/fv-montanregion-erzgebirge.de\/montan\/wp-content\/uploads\/2016\/04\/a7-bw-180x180.jpg\" alt='' title='a7 bw'  height=\"180\" width=\"180\"  itemprop=\"thumbnailUrl\" srcset=\"https:\/\/fv-montanregion-erzgebirge.de\/montan\/wp-content\/uploads\/2016\/04\/a7-bw-180x180.jpg 180w, https:\/\/fv-montanregion-erzgebirge.de\/montan\/wp-content\/uploads\/2016\/04\/a7-bw-80x80.jpg 80w, https:\/\/fv-montanregion-erzgebirge.de\/montan\/wp-content\/uploads\/2016\/04\/a7-bw-36x36.jpg 36w, https:\/\/fv-montanregion-erzgebirge.de\/montan\/wp-content\/uploads\/2016\/04\/a7-bw-120x120.jpg 120w, https:\/\/fv-montanregion-erzgebirge.de\/montan\/wp-content\/uploads\/2016\/04\/a7-bw-450x450.jpg 450w\" sizes=\"(max-width: 180px) 100vw, 180px\" \/><\/a><\/div><\/div><\/div><\/p><\/div>\n\n<style type=\"text\/css\" data-created_by=\"avia_inline_auto\" id=\"style-css-av-av_one_third-9c1d454dc06f7247226bc4e8f931daae\">\n.flex_column.av-av_one_third-9c1d454dc06f7247226bc4e8f931daae{\n-webkit-border-radius:0px 0px 0px 0px;\n-moz-border-radius:0px 0px 0px 0px;\nborder-radius:0px 0px 0px 0px;\npadding:0px 0px 0px 0px;\n}\n<\/style>\n<div class='flex_column av-av_one_third-9c1d454dc06f7247226bc4e8f931daae av_one_third  avia-builder-el-16  el_after_av_one_third  el_before_av_hr  flex_column_div av-zero-column-padding column-top-margin'     ><p>\n<style type=\"text\/css\" data-created_by=\"avia_inline_auto\" id=\"style-css-av-av_hr-d7a710ee32c395aa1e5203802b7eec0d\">\n#top .hr.av-av_hr-d7a710ee32c395aa1e5203802b7eec0d{\nmargin-top:25px;\nmargin-bottom:25px;\n}\n.hr.av-av_hr-d7a710ee32c395aa1e5203802b7eec0d .hr-inner{\nwidth:50px;\nborder-color:#afafaf;\nmax-width:45%;\n}\n.hr.av-av_hr-d7a710ee32c395aa1e5203802b7eec0d .av-seperator-icon{\ncolor:#ffaa00;\n}\n<\/style>\n<div  class='hr av-av_hr-d7a710ee32c395aa1e5203802b7eec0d hr-custom  avia-builder-el-17  el_before_av_heading  avia-builder-el-first  hr-center hr-icon-yes'><span class='hr-inner inner-border-av-border-thin'><span class=\"hr-inner-style\"><\/span><\/span><span class='av-seperator-icon' aria-hidden='true' data-av_icon='\ue87b' data-av_iconfont='entypo-fontello'><\/span><span class='hr-inner inner-border-av-border-thin'><span class=\"hr-inner-style\"><\/span><\/span><\/div><br \/>\n\n<style type=\"text\/css\" data-created_by=\"avia_inline_auto\" id=\"style-css-av-av_heading-4aeaf8ac270522278cf11e482a99d1c0\">\n#top .av-special-heading.av-av_heading-4aeaf8ac270522278cf11e482a99d1c0{\npadding-bottom:10px;\n}\nbody .av-special-heading.av-av_heading-4aeaf8ac270522278cf11e482a99d1c0 .av-special-heading-tag .heading-char{\nfont-size:25px;\n}\n.av-special-heading.av-av_heading-4aeaf8ac270522278cf11e482a99d1c0 .av-subheading{\nfont-size:15px;\n}\n<\/style>\n<div  class='av-special-heading av-av_heading-4aeaf8ac270522278cf11e482a99d1c0 av-special-heading-h4 blockquote modern-quote modern-centered  avia-builder-el-18  el_after_av_hr  el_before_av_hr '><h4 class='av-special-heading-tag'  itemprop=\"headline\"  >Unser Welterbe<\/h4><div class='av-subheading av-subheading_below'><p>Montanregion Erzgebirge \/ Kru\u0161noho\u0159\u00ed<\/p>\n<\/div><div class=\"special-heading-border\"><div class=\"special-heading-inner-border\"><\/div><\/div><\/div><br \/>\n\n<style type=\"text\/css\" data-created_by=\"avia_inline_auto\" id=\"style-css-av-av_hr-c9ba6ccf0e28539cef079a4b419f7f68\">\n#top .hr.hr-invisible.av-av_hr-c9ba6ccf0e28539cef079a4b419f7f68{\nheight:25px;\n}\n<\/style>\n<div  class='hr av-av_hr-c9ba6ccf0e28539cef079a4b419f7f68 hr-invisible  avia-builder-el-19  el_after_av_heading  el_before_av_image '><span class='hr-inner '><span class=\"hr-inner-style\"><\/span><\/span><\/div><br \/>\n\n<style type=\"text\/css\" data-created_by=\"avia_inline_auto\" id=\"style-css-av-av_image-fd6d847cf7d650084a6582a5a712fed7\">\n.avia-image-container.av-av_image-fd6d847cf7d650084a6582a5a712fed7 img.avia_image{\nbox-shadow:none;\n}\n.avia-image-container.av-av_image-fd6d847cf7d650084a6582a5a712fed7 .av-image-caption-overlay-center{\ncolor:#ffffff;\n}\n<\/style>\n<div  class='avia-image-container av-av_image-fd6d847cf7d650084a6582a5a712fed7 av-styling-circle avia-align-center  avia-builder-el-20  el_after_av_hr  avia-builder-el-last '   itemprop=\"image\" itemscope=\"itemscope\" itemtype=\"https:\/\/schema.org\/ImageObject\" ><div class=\"avia-image-container-inner\"><div class=\"avia-image-overlay-wrap\"><a href=\"https:\/\/fv-montanregion-erzgebirge.de\/montan\/portfolio-item\/foerderverein-montanregion-erzgebirge\/\" class='avia_image' ><img decoding=\"async\" class='wp-image-543 avia-img-lazy-loading-not-543 avia_image ' src=\"https:\/\/fv-montanregion-erzgebirge.de\/montan\/wp-content\/uploads\/2016\/04\/a8-bw-180x180.jpg\" alt='' title='a8 bw'  height=\"180\" width=\"180\"  itemprop=\"thumbnailUrl\" srcset=\"https:\/\/fv-montanregion-erzgebirge.de\/montan\/wp-content\/uploads\/2016\/04\/a8-bw-180x180.jpg 180w, https:\/\/fv-montanregion-erzgebirge.de\/montan\/wp-content\/uploads\/2016\/04\/a8-bw-80x80.jpg 80w, https:\/\/fv-montanregion-erzgebirge.de\/montan\/wp-content\/uploads\/2016\/04\/a8-bw-36x36.jpg 36w, https:\/\/fv-montanregion-erzgebirge.de\/montan\/wp-content\/uploads\/2016\/04\/a8-bw-120x120.jpg 120w, https:\/\/fv-montanregion-erzgebirge.de\/montan\/wp-content\/uploads\/2016\/04\/a8-bw-450x450.jpg 450w\" sizes=\"(max-width: 180px) 100vw, 180px\" \/><\/a><\/div><\/div><\/div><\/p><\/div>\n\n<style type=\"text\/css\" data-created_by=\"avia_inline_auto\" id=\"style-css-av-av_hr-e8c293bc95976d5c6ff9d129b325da64\">\n#top .hr.hr-invisible.av-av_hr-e8c293bc95976d5c6ff9d129b325da64{\nheight:80px;\n}\n<\/style>\n<div  class='hr av-av_hr-e8c293bc95976d5c6ff9d129b325da64 hr-invisible  avia-builder-el-21  el_after_av_one_third  avia-builder-el-last '><span class='hr-inner '><span class=\"hr-inner-style\"><\/span><\/span><\/div>\n","protected":false},"excerpt":{"rendered":"","protected":false},"author":1,"featured_media":0,"parent":0,"menu_order":0,"comment_status":"closed","ping_status":"closed","template":"","meta":{"footnotes":""},"class_list":["post-472","page","type-page","status-publish","hentry"],"_links":{"self":[{"href":"https:\/\/fv-montanregion-erzgebirge.de\/montan\/wp-json\/wp\/v2\/pages\/472","targetHints":{"allow":["GET"]}}],"collection":[{"href":"https:\/\/fv-montanregion-erzgebirge.de\/montan\/wp-json\/wp\/v2\/pages"}],"about":[{"href":"https:\/\/fv-montanregion-erzgebirge.de\/montan\/wp-json\/wp\/v2\/types\/page"}],"author":[{"embeddable":true,"href":"https:\/\/fv-montanregion-erzgebirge.de\/montan\/wp-json\/wp\/v2\/users\/1"}],"replies":[{"embeddable":true,"href":"https:\/\/fv-montanregion-erzgebirge.de\/montan\/wp-json\/wp\/v2\/comments?post=472"}],"version-history":[{"count":5,"href":"https:\/\/fv-montanregion-erzgebirge.de\/montan\/wp-json\/wp\/v2\/pages\/472\/revisions"}],"predecessor-version":[{"id":2332,"href":"https:\/\/fv-montanregion-erzgebirge.de\/montan\/wp-json\/wp\/v2\/pages\/472\/revisions\/2332"}],"wp:attachment":[{"href":"https:\/\/fv-montanregion-erzgebirge.de\/montan\/wp-json\/wp\/v2\/media?parent=472"}],"curies":[{"name":"wp","href":"https:\/\/api.w.org\/{rel}","templated":true}]}}